{"id":8,"date":"2023-02-14T13:55:01","date_gmt":"2023-02-14T12:55:01","guid":{"rendered":"http:\/\/eko.sp14.tychy.pl\/?page_id=8"},"modified":"2026-03-22T12:20:34","modified_gmt":"2026-03-22T11:20:34","slug":"oswiadczenie","status":"publish","type":"page","link":"http:\/\/eko.sp14.tychy.pl\/?page_id=8","title":{"rendered":"O\u015bwiadczenie"},"content":{"rendered":"\n<p><\/p>\n\n\n\n<p class=\"has-text-align-center\"><a href=\"http:\/\/eko.sp14.tychy.pl\/wp-content\/uploads\/2026\/03\/oswiadczenie-eko-sp14-tychy-2026.pdf\">O\u015bwiadczenie do druku(PDF)<\/a><\/p>\n\n\n\n<h2 class=\"wp-block-heading has-text-align-center\">O\u015aWIADCZENIE<\/h2>\n\n\n\n<p><br>Zgoda rodzic\u00f3w (opiekun\u00f3w prawnych) na udzia\u0142 dziecka w \u201eIV Mi\u0119dzyszkolnym Konkursie Przyrodniczo \u2013 Ekologicznym\u201d organizowanym przez Szko\u0142\u0119 Podstawow\u0105 nr 14 z Oddzia\u0142ami Dwuj\u0119zycznymi im. Armii Krajowej w Tychach.<\/p>\n\n\n\n<ol class=\"wp-block-list\">\n<li>Wyra\u017cam zgod\u0119 na udzia\u0142 mojego dziecka \u2026\u2026\u2026\u2026\u2026\u2026\u2026\u2026\u2026\u2026\u2026\u2026\u2026\u2026&#8230;&#8230;.\u2026 (imi\u0119 i nazwisko) <br>w \u201eIV Mi\u0119dzyszkolnym Konkursie Przyrodniczo \u2013 Ekologicznym\u201d.<\/li>\n\n\n\n<li>Wyra\u017cam zgod\u0119 na wykorzystanie przez organizatora Konkursu wizerunku mojego dziecka oraz przetwarzanie danych osobowych mojego dziecka (imienia, nazwiska, wieku i nazwy szko\u0142y) w celach wynikaj\u0105cych z organizacji Konkursu zgodnie z Ustaw\u0105 z dnia 10 maja 2018 r. o ochronie danych osobowych (Dz. U. 2018, poz. 1000). \u2026\u2026\u2026\u2026\u2026\u2026\u2026\u2026\u2026\u2026\u2026\u2026\u2026 podpis rodzica\/opiekuna prawnego<br><\/li>\n<\/ol>\n\n\n\n<p><\/p>\n\n\n\n<p><\/p>\n\n\n\n<p><strong>KLAUZULA INFORMACYJNA DOTYCZ\u0104CA OCHRONY DANYCH OSOBOWYCH<\/strong><\/p>\n\n\n\n<p><\/p>\n\n\n\n<ol class=\"wp-block-list\">\n<li>Udzia\u0142 w konkursie jest dobrowolny i jest jednoznaczny z akceptacj\u0105 regulaminu oraz zgod\u0105 na przetwarzanie danych osobowych w celu i zakresie wymaganym do realizacji konkursu.<br>Skutkiem niepodania danych jest brak mo\u017cliwo\u015bci uczestnictwa w konkursie.<\/li>\n\n\n\n<li>W ramach konkursu przetwarzane s\u0105 dane osobowe w zakresie:\n<ul class=\"wp-block-list\">\n<li>imienia, nazwiska, klasa, szko\u0142y,<\/li>\n\n\n\n<li>wykorzystania wizerunku dla cel\u00f3w promocyjnych organizatora,<\/li>\n\n\n\n<li>nieodp\u0142atnego utrwalenia i publikacji wizerunku w materia\u0142ach informacyjnych<br>i promocyjnych Organizatora.<\/li>\n<\/ul>\n<\/li>\n\n\n\n<li>Administratorem danych osobowych pozyskanych w trakcie konkursu jest Organizator.<\/li>\n\n\n\n<li>Ka\u017cda osoba ma prawo dost\u0119pu do danych osobowych, prawo \u017c\u0105dania sprostowania danych osobowych, prawo \u017c\u0105dania przenoszenia danych, prawo \u017c\u0105dania usuni\u0119cia danych osobowych, prawo \u017c\u0105dania ograniczenia przetwarzania danych osobowych oraz prawo wniesienia skargi do Prezesa Urz\u0119du Ochrony Danych Osobowych. Danych osobowych nie przetwarza si\u0119 w spos\u00f3b zautomatyzowany.<\/li>\n\n\n\n<li>Okres przetwarzania danych wynosi 5 lat od momentu og\u0142oszenia wynik\u00f3w<\/li>\n\n\n\n<li>Dane osobowe mog\u0105 zosta\u0107 udost\u0119pnione organom administracji publicznej, us\u0142ugodawcy, kt\u00f3rym zostan\u0105 zlecone us\u0142ugi zwi\u0105zane z przetwarzaniem danych osobowych, Miejskiemu Centrum O\u015bwiaty w Tychach.<\/li>\n\n\n\n<li>Dodatkowych Informacji w sprawach zwi\u0105zanych z przetwarzaniem danych osobowych udziela organizator lub Inspektor Ochrony Danych pod adresem iod.sp14@oswiata.tychy.pl<\/li>\n<\/ol>\n\n\n\n<p><\/p>\n\n\n\n<p><\/p>\n","protected":false},"excerpt":{"rendered":"<p>O\u015bwiadczenie do druku(PDF) O\u015aWIADCZENIE Zgoda rodzic\u00f3w (opiekun\u00f3w prawnych) na udzia\u0142 dziecka w \u201eIV Mi\u0119dzyszkolnym Konkursie Przyrodniczo \u2013 Ekologicznym\u201d organizowanym przez Szko\u0142\u0119 Podstawow\u0105 nr 14 z Oddzia\u0142ami Dwuj\u0119zycznymi im. Armii Krajowej w Tychach. KLAUZULA INFORMACYJNA DOTYCZ\u0104CA OCHRONY DANYCH OSOBOWYCH<\/p>\n","protected":false},"author":1,"featured_media":0,"parent":0,"menu_order":0,"comment_status":"closed","ping_status":"closed","template":"","meta":{"footnotes":""},"class_list":["post-8","page","type-page","status-publish","hentry"],"_links":{"self":[{"href":"http:\/\/eko.sp14.tychy.pl\/index.php?rest_route=\/wp\/v2\/pages\/8","targetHints":{"allow":["GET"]}}],"collection":[{"href":"http:\/\/eko.sp14.tychy.pl\/index.php?rest_route=\/wp\/v2\/pages"}],"about":[{"href":"http:\/\/eko.sp14.tychy.pl\/index.php?rest_route=\/wp\/v2\/types\/page"}],"author":[{"embeddable":true,"href":"http:\/\/eko.sp14.tychy.pl\/index.php?rest_route=\/wp\/v2\/users\/1"}],"replies":[{"embeddable":true,"href":"http:\/\/eko.sp14.tychy.pl\/index.php?rest_route=%2Fwp%2Fv2%2Fcomments&post=8"}],"version-history":[{"count":22,"href":"http:\/\/eko.sp14.tychy.pl\/index.php?rest_route=\/wp\/v2\/pages\/8\/revisions"}],"predecessor-version":[{"id":297,"href":"http:\/\/eko.sp14.tychy.pl\/index.php?rest_route=\/wp\/v2\/pages\/8\/revisions\/297"}],"wp:attachment":[{"href":"http:\/\/eko.sp14.tychy.pl\/index.php?rest_route=%2Fwp%2Fv2%2Fmedia&parent=8"}],"curies":[{"name":"wp","href":"https:\/\/api.w.org\/{rel}","templated":true}]}}