{"id":7,"date":"2023-02-14T13:55:01","date_gmt":"2023-02-14T12:55:01","guid":{"rendered":"http:\/\/eko.sp14.tychy.pl\/?page_id=7"},"modified":"2026-03-22T12:20:16","modified_gmt":"2026-03-22T11:20:16","slug":"regulamin","status":"publish","type":"page","link":"http:\/\/eko.sp14.tychy.pl\/?page_id=7","title":{"rendered":"Regulamin"},"content":{"rendered":"\n<p class=\"has-text-align-center\"><\/p>\n\n\n\n<p class=\"has-text-align-center\"><strong>IV Mi\u0119dzyszkolny Konkurs Przyrodniczo-Ekologiczny<\/strong><\/p>\n\n\n\n<h2 class=\"wp-block-heading has-text-align-center\">Regulamin konkursu<\/h2>\n\n\n\n<p class=\"has-text-align-left\"><br><strong>Organizatorzy konkursu:<br><\/strong>Szko\u0142a Podstawowa nr 14 z Oddzia\u0142ami Dwuj\u0119zycznymi im. Armii Krajowej w Tychach<br>Data i miejsce konkursu:<br>Konkurs odb\u0119dzie si\u0119 <strong>24 kwietnia 2026 roku o godz. 10:00 <\/strong>w Szkole Podstawowej nr 14 z Oddzia\u0142ami Dwuj\u0119zycznymi im. Armii Krajowej w Tychach, znajduj\u0105cej si\u0119 na ul. Brzozowej 24 w Tychach.<\/p>\n\n\n\n<p class=\"has-text-align-left\"><strong>Postanowienia og\u00f3lne:<\/strong><\/p>\n\n\n\n<ol class=\"wp-block-list\">\n<li>Konkurs jest skierowany do uczni\u00f3w III klasy szko\u0142y podstawowej.<\/li>\n\n\n\n<li>Konkurs dotyczy edukacji przyrodniczo-ekologicznej.<\/li>\n\n\n\n<li>W konkursie mo\u017ce wzi\u0105\u0107 udzia\u0142 jeden zesp\u00f3\u0142 reprezentuj\u0105cy dan\u0105 szko\u0142\u0119 sk\u0142adaj\u0105cy si\u0119 z dw\u00f3ch uczni\u00f3w klasy III.<\/li>\n\n\n\n<li>Warunkiem udzia\u0142u w konkursie jest wype\u0142nienie formularza internetowego w terminie do <strong>13 kwietnia 2026 roku<\/strong>.<\/li>\n\n\n\n<li>Szko\u0142a bior\u0105ca udzia\u0142 w konkursie mo\u017ce samodzielnie przeprowadzi\u0107 eliminacje wewn\u0105trzszkolne.<\/li>\n\n\n\n<li>Liczba zespo\u0142\u00f3w jest ograniczona. O udziale w konkursie decyduje kolejno\u015b\u0107 zg\u0142osze\u0144.<\/li>\n\n\n\n<li>Informacja o zakwalifikowaniu do konkursu zastanie przes\u0142ana mailowo do dnia <strong>17 kwietnia 2026 roku<\/strong>.<\/li>\n\n\n\n<li>Najp\u00f3\u017aniej do <strong>21 kwietnia<\/strong>, nale\u017cy przys\u0142a\u0107 dane uczestnik\u00f3w konkursu.<\/li>\n\n\n\n<li>W dniu konkursu nale\u017cy dostarczy\u0107 zgod\u0119 na przetwarzanie danych osobowych uczestnik\u00f3w oraz udost\u0119pnienie ich wizerunku.<\/li>\n\n\n\n<li>Konkurs jest podzielony na dwie cz\u0119\u015bci: teoretyczn\u0105 i praktyczn\u0105.<\/li>\n\n\n\n<li>Odpowied\u017a na ka\u017cde pytanie b\u0119dzie oceniana przez jury.<\/li>\n<\/ol>\n\n\n\n<p><\/p>\n\n\n\n<p><strong>Cele konkursu:<\/strong><\/p>\n\n\n\n<p>Konkurs ma na celu zwi\u0119kszenie wiedzy z zakresu przyrody i ochrony \u015brodowiska oraz rozwini\u0119cie umiej\u0119tno\u015bci wsp\u00f3\u0142pracy w\u015br\u00f3d uczni\u00f3w klas m\u0142odszych.<\/p>\n\n\n\n<p><strong>Uczestnik konkursu:<\/strong><\/p>\n\n\n\n<ol class=\"wp-block-list\">\n<li>Zna r\u00f3\u017cne ekosystemy i wie, jaka jest ich specyfika.<\/li>\n\n\n\n<li>Zna znaczenie zachowa\u0144 proekologicznych.<\/li>\n\n\n\n<li>Wie, jaki wp\u0142yw na nasz\u0105 planet\u0119 ma cz\u0142owiek.<\/li>\n\n\n\n<li>Wie, jaka jest rola zwierz\u0105t w \u015brodowisku.<\/li>\n\n\n\n<li>Wie, czym jest zdrowy tryb \u017cycia.<\/li>\n\n\n\n<li>Potrafi dzia\u0142a\u0107 praktycznie w zespole.<\/li>\n<\/ol>\n\n\n\n<p><\/p>\n\n\n\n<p><strong>Konkurs obejmuje nast\u0119puj\u0105cy zakres wiadomo\u015bci:<\/strong><\/p>\n\n\n\n<ol class=\"wp-block-list\">\n<li>Opis \u017cycia w ekosystemie, zale\u017cno\u015bci (las, ogr\u00f3d, park, \u0142\u0105ka, zbiornik wodny).<\/li>\n\n\n\n<li>Rola zwierz\u0105t w \u015brodowisku, np. zapylanie kwiat\u00f3w przez owady, spulchnianie gleby przez d\u017cd\u017cownice.<\/li>\n\n\n\n<li>Zagro\u017cenia dla \u015brodowiska przyrodniczego ze strony cz\u0142owieka: wypalanie \u0142\u0105k i \u015bciernisk, zatruwanie powietrza i w\u00f3d, po\u017cary las\u00f3w, za\u015bmiecanie las\u00f3w, ha\u0142as, k\u0142usownictwo. Zapobieganie skutkom tych zagro\u017ce\u0144.<\/li>\n\n\n\n<li>\u0179r\u00f3d\u0142a energii oraz zagadnienie energooszcz\u0119dno\u015bci.<\/li>\n\n\n\n<li>Post\u0119powanie zwi\u0105zane z ochron\u0105 \u015brodowiska oraz jego znaczenie: szanowanie zieleni, zachowanie ciszy w parkach i lasach, dba\u0142o\u015b\u0107 o czysto\u015b\u0107.<\/li>\n\n\n\n<li>Las, woda, powietrze \u2013 charakterystyka, znaczenie.<\/li>\n\n\n\n<li>Podstawowe gatunki zwierz\u0105t i ro\u015blin pod ochron\u0105.<\/li>\n\n\n\n<li>Znaczenie powietrza dla \u017cycia oraz wybranych ska\u0142 i minera\u0142\u00f3w.<\/li>\n\n\n\n<li>Podstawowe znaki ekologiczne.<\/li>\n\n\n\n<li>Zdrowy styl \u017cycia.<\/li>\n\n\n\n<li>Uk\u0142ad s\u0142oneczny, gwiazdy, planety, ksi\u0119\u017cyc &#8211; najbardziej charakterystyczne w\u0142a\u015bciwo\u015bci<\/li>\n<\/ol>\n\n\n\n<p><\/p>\n\n\n\n<p><strong>Postanowienia ko\u0144cowe:<\/strong><\/p>\n\n\n\n<ol class=\"wp-block-list\">\n<li>Przebieg konkursu b\u0119dzie utrwalany w formie fotografii, nagra\u0144 d\u017awi\u0119kowych i filmowych oraz mo\u017ce by\u0107 rozpowszechniany tytu\u0142em promocji konkursu.<\/li>\n\n\n\n<li>Zg\u0142oszenie udzia\u0142u w konkursie oznacza pe\u0142n\u0105 akceptacj\u0119 warunk\u00f3w niniejszego regulaminu.<\/li>\n\n\n\n<li>Regulamin konkursu dost\u0119pny jest do pobrania na stronie www.eko.sp14.tychy.pl<\/li>\n<\/ol>\n\n\n\n<h2 class=\"wp-block-heading\"><\/h2>\n","protected":false},"excerpt":{"rendered":"<p>IV Mi\u0119dzyszkolny Konkurs Przyrodniczo-Ekologiczny Regulamin konkursu Organizatorzy konkursu:Szko\u0142a Podstawowa nr 14 z Oddzia\u0142ami Dwuj\u0119zycznymi im. Armii Krajowej w TychachData i miejsce konkursu:Konkurs odb\u0119dzie si\u0119 24 kwietnia 2026 roku o godz. 10:00 w Szkole Podstawowej nr 14 z Oddzia\u0142ami Dwuj\u0119zycznymi im. Armii Krajowej w Tychach, znajduj\u0105cej si\u0119 na ul. Brzozowej 24 w Tychach. Postanowienia og\u00f3lne: Cele [&hellip;]<\/p>\n","protected":false},"author":1,"featured_media":0,"parent":0,"menu_order":0,"comment_status":"closed","ping_status":"closed","template":"","meta":{"footnotes":""},"class_list":["post-7","page","type-page","status-publish","hentry"],"_links":{"self":[{"href":"http:\/\/eko.sp14.tychy.pl\/index.php?rest_route=\/wp\/v2\/pages\/7","targetHints":{"allow":["GET"]}}],"collection":[{"href":"http:\/\/eko.sp14.tychy.pl\/index.php?rest_route=\/wp\/v2\/pages"}],"about":[{"href":"http:\/\/eko.sp14.tychy.pl\/index.php?rest_route=\/wp\/v2\/types\/page"}],"author":[{"embeddable":true,"href":"http:\/\/eko.sp14.tychy.pl\/index.php?rest_route=\/wp\/v2\/users\/1"}],"replies":[{"embeddable":true,"href":"http:\/\/eko.sp14.tychy.pl\/index.php?rest_route=%2Fwp%2Fv2%2Fcomments&post=7"}],"version-history":[{"count":45,"href":"http:\/\/eko.sp14.tychy.pl\/index.php?rest_route=\/wp\/v2\/pages\/7\/revisions"}],"predecessor-version":[{"id":296,"href":"http:\/\/eko.sp14.tychy.pl\/index.php?rest_route=\/wp\/v2\/pages\/7\/revisions\/296"}],"wp:attachment":[{"href":"http:\/\/eko.sp14.tychy.pl\/index.php?rest_route=%2Fwp%2Fv2%2Fmedia&parent=7"}],"curies":[{"name":"wp","href":"https:\/\/api.w.org\/{rel}","templated":true}]}}